{"id":7,"date":"2020-12-26T18:33:38","date_gmt":"2020-12-26T17:33:38","guid":{"rendered":"https:\/\/hagwiesenhof-pferdepension.de\/?page_id=7"},"modified":"2021-03-30T23:16:34","modified_gmt":"2021-03-30T21:16:34","slug":"startseite","status":"publish","type":"page","link":"https:\/\/hagwiesenhof-pferdepension.de\/?page_id=7","title":{"rendered":"\u00dcber uns"},"content":{"rendered":"\n<p><\/p>\n\n\n\n<div class=\"wp-block-group\"><div class=\"wp-block-group__inner-container is-layout-flow wp-block-group-is-layout-flow\">\n<div class=\"wp-block-columns is-layout-flex wp-container-core-columns-is-layout-9d6595d7 wp-block-columns-is-layout-flex\">\n<div class=\"wp-block-column is-layout-flow wp-block-column-is-layout-flow\"><\/div>\n<\/div>\n<\/div><\/div>\n\n\n\n<div class=\"wp-block-group\"><div class=\"wp-block-group__inner-container is-layout-flow wp-block-group-is-layout-flow\">\n<div class=\"wp-block-columns is-layout-flex wp-container-core-columns-is-layout-9d6595d7 wp-block-columns-is-layout-flex\">\n<div class=\"wp-block-column is-layout-flow wp-block-column-is-layout-flow\">\n<p>Seit \u00fcber 30 Jahren begleiten uns Islandpferde. Zu Beginn mit den eigenen Pferden, hin zu  einem Zuhause f\u00fcr 25 Pferde. <\/p>\n\n\n\n<p>Wir arbeiten mit Herz und Verstand &#8211; behandeln jedes Pferd mit der Sorgfalt als sei es unser Eigenes.<\/p>\n\n\n\n<p> \u00dcber die Jahre haben wir erfahren d\u00fcrfen, dass uns die Pferde viel geben. Daher sehen wir es als unsere Aufgabe an, ihnen etwas zur\u00fcckzugeben. Auf dem Hagwiesenhof bedeutet dies: Leidenschaft, Engagement, F\u00fcrsorge und ein pferdegerechtes Zuhause. Dies gew\u00e4hrleisten wir durch vielf\u00e4ltige Aus- und Weiterbildungen, von der Pferdehaltung bis zur Landschaftspflege.<\/p>\n<\/div>\n<\/div>\n<\/div><\/div>\n\n\n\n<p><\/p>\n","protected":false},"excerpt":{"rendered":"<p>Seit \u00fcber 30 Jahren begleiten uns Islandpferde. Zu Beginn mit den eigenen Pferden, hin zu einem Zuhause f\u00fcr 25 Pferde. Wir arbeiten mit Herz und Verstand &#8211; behandeln jedes Pferd mit der Sorgfalt als sei es unser Eigenes. \u00dcber die Jahre haben wir erfahren d\u00fcrfen, dass uns die Pferde viel geben. Daher sehen wir es &hellip; <\/p>\n<p class=\"link-more\"><a href=\"https:\/\/hagwiesenhof-pferdepension.de\/?page_id=7\" class=\"more-link\"><span class=\"screen-reader-text\">\u201e\u00dcber uns\u201c<\/span> weiterlesen<\/a><\/p>\n","protected":false},"author":1,"featured_media":33,"parent":14,"menu_order":0,"comment_status":"closed","ping_status":"closed","template":"","meta":{"footnotes":""},"class_list":["post-7","page","type-page","status-publish","has-post-thumbnail","hentry"],"_links":{"self":[{"href":"https:\/\/hagwiesenhof-pferdepension.de\/index.php?rest_route=\/wp\/v2\/pages\/7","targetHints":{"allow":["GET"]}}],"collection":[{"href":"https:\/\/hagwiesenhof-pferdepension.de\/index.php?rest_route=\/wp\/v2\/pages"}],"about":[{"href":"https:\/\/hagwiesenhof-pferdepension.de\/index.php?rest_route=\/wp\/v2\/types\/page"}],"author":[{"embeddable":true,"href":"https:\/\/hagwiesenhof-pferdepension.de\/index.php?rest_route=\/wp\/v2\/users\/1"}],"replies":[{"embeddable":true,"href":"https:\/\/hagwiesenhof-pferdepension.de\/index.php?rest_route=%2Fwp%2Fv2%2Fcomments&post=7"}],"version-history":[{"count":15,"href":"https:\/\/hagwiesenhof-pferdepension.de\/index.php?rest_route=\/wp\/v2\/pages\/7\/revisions"}],"predecessor-version":[{"id":282,"href":"https:\/\/hagwiesenhof-pferdepension.de\/index.php?rest_route=\/wp\/v2\/pages\/7\/revisions\/282"}],"up":[{"embeddable":true,"href":"https:\/\/hagwiesenhof-pferdepension.de\/index.php?rest_route=\/wp\/v2\/pages\/14"}],"wp:featuredmedia":[{"embeddable":true,"href":"https:\/\/hagwiesenhof-pferdepension.de\/index.php?rest_route=\/wp\/v2\/media\/33"}],"wp:attachment":[{"href":"https:\/\/hagwiesenhof-pferdepension.de\/index.php?rest_route=%2Fwp%2Fv2%2Fmedia&parent=7"}],"curies":[{"name":"wp","href":"https:\/\/api.w.org\/{rel}","templated":true}]}}