{"id":41,"date":"2021-03-14T18:13:50","date_gmt":"2021-03-14T17:13:50","guid":{"rendered":"https:\/\/hagwiesenhof-pferdepension.de\/?page_id=41"},"modified":"2021-03-31T16:22:22","modified_gmt":"2021-03-31T14:22:22","slug":"das-reitgelaende","status":"publish","type":"page","link":"https:\/\/hagwiesenhof-pferdepension.de\/?page_id=41","title":{"rendered":"Das Reitgel\u00e4nde"},"content":{"rendered":"\n<p>Am Fu\u00dfe der schw\u00e4bischen Alb, hast du mit deinem Pferd viel Raum das wundervolle Ausreitgel\u00e4nde zu genie\u00dfen.<\/p>\n\n\n\n<figure class=\"wp-block-video\"><video height=\"720\" style=\"aspect-ratio: 1280 \/ 720;\" width=\"1280\" controls src=\"https:\/\/hagwiesenhof-pferdepension.de\/wp-content\/uploads\/2021\/03\/Haagwiesenhof_20210331_1.mp4\"><\/video><\/figure>\n","protected":false},"excerpt":{"rendered":"<p>Am Fu\u00dfe der schw\u00e4bischen Alb, hast du mit deinem Pferd viel Raum das wundervolle Ausreitgel\u00e4nde zu genie\u00dfen.<\/p>\n","protected":false},"author":2,"featured_media":200,"parent":14,"menu_order":0,"comment_status":"closed","ping_status":"closed","template":"","meta":{"footnotes":""},"class_list":["post-41","page","type-page","status-publish","has-post-thumbnail","hentry"],"_links":{"self":[{"href":"https:\/\/hagwiesenhof-pferdepension.de\/index.php?rest_route=\/wp\/v2\/pages\/41","targetHints":{"allow":["GET"]}}],"collection":[{"href":"https:\/\/hagwiesenhof-pferdepension.de\/index.php?rest_route=\/wp\/v2\/pages"}],"about":[{"href":"https:\/\/hagwiesenhof-pferdepension.de\/index.php?rest_route=\/wp\/v2\/types\/page"}],"author":[{"embeddable":true,"href":"https:\/\/hagwiesenhof-pferdepension.de\/index.php?rest_route=\/wp\/v2\/users\/2"}],"replies":[{"embeddable":true,"href":"https:\/\/hagwiesenhof-pferdepension.de\/index.php?rest_route=%2Fwp%2Fv2%2Fcomments&post=41"}],"version-history":[{"count":15,"href":"https:\/\/hagwiesenhof-pferdepension.de\/index.php?rest_route=\/wp\/v2\/pages\/41\/revisions"}],"predecessor-version":[{"id":297,"href":"https:\/\/hagwiesenhof-pferdepension.de\/index.php?rest_route=\/wp\/v2\/pages\/41\/revisions\/297"}],"up":[{"embeddable":true,"href":"https:\/\/hagwiesenhof-pferdepension.de\/index.php?rest_route=\/wp\/v2\/pages\/14"}],"wp:featuredmedia":[{"embeddable":true,"href":"https:\/\/hagwiesenhof-pferdepension.de\/index.php?rest_route=\/wp\/v2\/media\/200"}],"wp:attachment":[{"href":"https:\/\/hagwiesenhof-pferdepension.de\/index.php?rest_route=%2Fwp%2Fv2%2Fmedia&parent=41"}],"curies":[{"name":"wp","href":"https:\/\/api.w.org\/{rel}","templated":true}]}}