{"id":2,"date":"2020-12-26T16:26:01","date_gmt":"2020-12-26T15:26:01","guid":{"rendered":"http:\/\/hagwiesenhof-pferdepension.de\/?page_id=2"},"modified":"2021-03-18T21:53:10","modified_gmt":"2021-03-18T20:53:10","slug":"beispiel-seite","status":"publish","type":"page","link":"https:\/\/hagwiesenhof-pferdepension.de\/?page_id=2","title":{"rendered":"Die Pferdepension"},"content":{"rendered":"\n<ul class=\"wp-block-list\"><li>gro\u00dfz\u00fcgiger Offenstall&nbsp;<\/li><\/ul>\n\n\n\n<ul class=\"wp-block-list\"><li>regionales Heu vom Fu\u00dfe der schw\u00e4bischen Alb<\/li><\/ul>\n\n\n\n<ul class=\"wp-block-list\"><li>flie\u00dfend Wasser&nbsp;<\/li><\/ul>\n\n\n\n<ul class=\"wp-block-list\"><li>kleine Reithalle&nbsp;<\/li><\/ul>\n\n\n\n<ul class=\"wp-block-list\"><li>Longierzirkel mit Teppichvlies&nbsp;<\/li><\/ul>\n\n\n\n<ul class=\"wp-block-list\"><li>Au\u00dfenreitplatz von Otto Sport<\/li><\/ul>\n\n\n\n<ul class=\"wp-block-list\"><li>alles beleuchtet<\/li><\/ul>\n\n\n\n<ul class=\"wp-block-list\"><li>Krankenboxen&nbsp;<\/li><\/ul>\n\n\n\n<ul class=\"wp-block-list\"><li>abschlie\u00dfbare Sattelkammer&nbsp;<\/li><\/ul>\n\n\n\n<ul class=\"wp-block-list\"><li>Sattelplatz und Schrank&nbsp;<\/li><\/ul>\n\n\n\n<ul class=\"wp-block-list\"><li>\u00fcberdachte Putzpl\u00e4tze&nbsp;<\/li><\/ul>\n\n\n\n<ul class=\"wp-block-list\"><li>Futterkammer&nbsp;<\/li><\/ul>\n\n\n\n<div class=\"wp-block-buttons is-layout-flex wp-block-buttons-is-layout-flex\">\n<div class=\"wp-block-button\"><a class=\"wp-block-button__link\" href=\"https:\/\/videos.simpleshow.com\/1zj8fV6dGK\" target=\"_blank\" rel=\"noreferrer noopener\"><strong><em><span class=\"has-inline-color has-white-color\">Der Offenstall<\/span><\/em><\/strong><\/a><\/div>\n<\/div>\n\n\n\n<p><\/p>\n","protected":false},"excerpt":{"rendered":"<p>gro\u00dfz\u00fcgiger Offenstall&nbsp; regionales Heu vom Fu\u00dfe der schw\u00e4bischen Alb flie\u00dfend Wasser&nbsp; kleine Reithalle&nbsp; Longierzirkel mit Teppichvlies&nbsp; Au\u00dfenreitplatz von Otto Sport alles beleuchtet Krankenboxen&nbsp; abschlie\u00dfbare Sattelkammer&nbsp; Sattelplatz und Schrank&nbsp; \u00fcberdachte Putzpl\u00e4tze&nbsp; Futterkammer&nbsp;<\/p>\n","protected":false},"author":1,"featured_media":192,"parent":14,"menu_order":0,"comment_status":"closed","ping_status":"closed","template":"","meta":{"footnotes":""},"class_list":["post-2","page","type-page","status-publish","has-post-thumbnail","hentry"],"_links":{"self":[{"href":"https:\/\/hagwiesenhof-pferdepension.de\/index.php?rest_route=\/wp\/v2\/pages\/2","targetHints":{"allow":["GET"]}}],"collection":[{"href":"https:\/\/hagwiesenhof-pferdepension.de\/index.php?rest_route=\/wp\/v2\/pages"}],"about":[{"href":"https:\/\/hagwiesenhof-pferdepension.de\/index.php?rest_route=\/wp\/v2\/types\/page"}],"author":[{"embeddable":true,"href":"https:\/\/hagwiesenhof-pferdepension.de\/index.php?rest_route=\/wp\/v2\/users\/1"}],"replies":[{"embeddable":true,"href":"https:\/\/hagwiesenhof-pferdepension.de\/index.php?rest_route=%2Fwp%2Fv2%2Fcomments&post=2"}],"version-history":[{"count":9,"href":"https:\/\/hagwiesenhof-pferdepension.de\/index.php?rest_route=\/wp\/v2\/pages\/2\/revisions"}],"predecessor-version":[{"id":193,"href":"https:\/\/hagwiesenhof-pferdepension.de\/index.php?rest_route=\/wp\/v2\/pages\/2\/revisions\/193"}],"up":[{"embeddable":true,"href":"https:\/\/hagwiesenhof-pferdepension.de\/index.php?rest_route=\/wp\/v2\/pages\/14"}],"wp:featuredmedia":[{"embeddable":true,"href":"https:\/\/hagwiesenhof-pferdepension.de\/index.php?rest_route=\/wp\/v2\/media\/192"}],"wp:attachment":[{"href":"https:\/\/hagwiesenhof-pferdepension.de\/index.php?rest_route=%2Fwp%2Fv2%2Fmedia&parent=2"}],"curies":[{"name":"wp","href":"https:\/\/api.w.org\/{rel}","templated":true}]}}