{"id":143,"date":"2021-03-16T09:20:40","date_gmt":"2021-03-16T08:20:40","guid":{"rendered":"https:\/\/hagwiesenhof-pferdepension.de\/?page_id=143"},"modified":"2021-03-21T15:50:20","modified_gmt":"2021-03-21T14:50:20","slug":"leistungen","status":"publish","type":"page","link":"https:\/\/hagwiesenhof-pferdepension.de\/?page_id=143","title":{"rendered":"Leistungen"},"content":{"rendered":"\n<h2 class=\"wp-block-heading\">Einzelbox<\/h2>\n\n\n\n<p>Es besteht die M\u00f6glichkeit ein Pferd zeitweise in eine Einzelbox zu stellen. <\/p>\n\n\n\n<p>Diese M\u00f6glichkeit besteht allerdings nur:<\/p>\n\n\n\n<ul class=\"wp-block-list\"><li>zur Eingew\u00f6hnung oder Quarant\u00e4ne neuer Pferde<\/li><\/ul>\n\n\n\n<ul class=\"wp-block-list\"><li>im Falle einer Verletzung oder Krankheit<\/li><\/ul>\n\n\n\n<ul class=\"wp-block-list\"><li>bei Besuch von Veranstaltungen<\/li><\/ul>\n\n\n\n<p><\/p>\n\n\n\n<figure class=\"wp-block-table is-style-stripes\"><table><tbody><tr><td><strong>Leistungen<\/strong><\/td><td><strong>Kosten pro Tag<\/strong><\/td><\/tr><tr><td>Einzelbox \/  Krankenbox \/ Quarant\u00e4nebox<\/td><td><\/td><\/tr><tr><td>Futter \/ Verpflegung<\/td><td><\/td><\/tr><tr><td>Misten und Einstreu<\/td><td><\/td><\/tr><tr><td><\/td><td>35\u20ac<\/td><\/tr><\/tbody><\/table><\/figure>\n","protected":false},"excerpt":{"rendered":"<p>Einzelbox Es besteht die M\u00f6glichkeit ein Pferd zeitweise in eine Einzelbox zu stellen. Diese M\u00f6glichkeit besteht allerdings nur: zur Eingew\u00f6hnung oder Quarant\u00e4ne neuer Pferde im Falle einer Verletzung oder Krankheit bei Besuch von Veranstaltungen Leistungen Kosten pro Tag Einzelbox \/ Krankenbox \/ Quarant\u00e4nebox Futter \/ Verpflegung Misten und Einstreu 35\u20ac<\/p>\n","protected":false},"author":2,"featured_media":184,"parent":14,"menu_order":0,"comment_status":"closed","ping_status":"closed","template":"","meta":{"footnotes":""},"class_list":["post-143","page","type-page","status-publish","has-post-thumbnail","hentry"],"_links":{"self":[{"href":"https:\/\/hagwiesenhof-pferdepension.de\/index.php?rest_route=\/wp\/v2\/pages\/143","targetHints":{"allow":["GET"]}}],"collection":[{"href":"https:\/\/hagwiesenhof-pferdepension.de\/index.php?rest_route=\/wp\/v2\/pages"}],"about":[{"href":"https:\/\/hagwiesenhof-pferdepension.de\/index.php?rest_route=\/wp\/v2\/types\/page"}],"author":[{"embeddable":true,"href":"https:\/\/hagwiesenhof-pferdepension.de\/index.php?rest_route=\/wp\/v2\/users\/2"}],"replies":[{"embeddable":true,"href":"https:\/\/hagwiesenhof-pferdepension.de\/index.php?rest_route=%2Fwp%2Fv2%2Fcomments&post=143"}],"version-history":[{"count":7,"href":"https:\/\/hagwiesenhof-pferdepension.de\/index.php?rest_route=\/wp\/v2\/pages\/143\/revisions"}],"predecessor-version":[{"id":188,"href":"https:\/\/hagwiesenhof-pferdepension.de\/index.php?rest_route=\/wp\/v2\/pages\/143\/revisions\/188"}],"up":[{"embeddable":true,"href":"https:\/\/hagwiesenhof-pferdepension.de\/index.php?rest_route=\/wp\/v2\/pages\/14"}],"wp:featuredmedia":[{"embeddable":true,"href":"https:\/\/hagwiesenhof-pferdepension.de\/index.php?rest_route=\/wp\/v2\/media\/184"}],"wp:attachment":[{"href":"https:\/\/hagwiesenhof-pferdepension.de\/index.php?rest_route=%2Fwp%2Fv2%2Fmedia&parent=143"}],"curies":[{"name":"wp","href":"https:\/\/api.w.org\/{rel}","templated":true}]}}