{"id":14,"date":"2020-12-26T17:39:49","date_gmt":"2020-12-26T16:39:49","guid":{"rendered":"https:\/\/hagwiesenhof-pferdepension.de\/?page_id=14"},"modified":"2021-04-02T22:29:48","modified_gmt":"2021-04-02T20:29:48","slug":"home","status":"publish","type":"page","link":"https:\/\/hagwiesenhof-pferdepension.de\/","title":{"rendered":"Willkommen am Hagwiesenhof"},"content":{"rendered":"\n<p>Der Hagwiesenhof ist ein familiengef\u00fchrter Betrieb. Wir geben 25 Isl\u00e4ndern ein Zuhause. Am Fu\u00dfe der schw\u00e4bischen Alb, f\u00fchlen sich sowohl die Vierbeiner, als auch Zweibeiner besonders wohl. Wir freuen uns sehr, Sie einmal auf unserem sch\u00f6nen Hof begr\u00fc\u00dfen zu d\u00fcrfen. <\/p>\n\n\n\n<p>Herzlich Willkommen auf unserer Homepage. <\/p>\n\n\n\n<div class=\"wp-block-columns is-layout-flex wp-container-core-columns-is-layout-9d6595d7 wp-block-columns-is-layout-flex\"><\/div>\n\n\n\n<p><\/p>\n","protected":false},"excerpt":{"rendered":"<p>Der Hagwiesenhof ist ein familiengef\u00fchrter Betrieb. Wir geben 25 Isl\u00e4ndern ein Zuhause. Am Fu\u00dfe der schw\u00e4bischen Alb, f\u00fchlen sich sowohl die Vierbeiner, als auch Zweibeiner besonders wohl. Wir freuen uns sehr, Sie einmal auf unserem sch\u00f6nen Hof begr\u00fc\u00dfen zu d\u00fcrfen. Herzlich Willkommen auf unserer Homepage.<\/p>\n","protected":false},"author":1,"featured_media":109,"parent":0,"menu_order":0,"comment_status":"closed","ping_status":"closed","template":"","meta":{"footnotes":""},"class_list":["post-14","page","type-page","status-publish","has-post-thumbnail","hentry"],"_links":{"self":[{"href":"https:\/\/hagwiesenhof-pferdepension.de\/index.php?rest_route=\/wp\/v2\/pages\/14","targetHints":{"allow":["GET"]}}],"collection":[{"href":"https:\/\/hagwiesenhof-pferdepension.de\/index.php?rest_route=\/wp\/v2\/pages"}],"about":[{"href":"https:\/\/hagwiesenhof-pferdepension.de\/index.php?rest_route=\/wp\/v2\/types\/page"}],"author":[{"embeddable":true,"href":"https:\/\/hagwiesenhof-pferdepension.de\/index.php?rest_route=\/wp\/v2\/users\/1"}],"replies":[{"embeddable":true,"href":"https:\/\/hagwiesenhof-pferdepension.de\/index.php?rest_route=%2Fwp%2Fv2%2Fcomments&post=14"}],"version-history":[{"count":9,"href":"https:\/\/hagwiesenhof-pferdepension.de\/index.php?rest_route=\/wp\/v2\/pages\/14\/revisions"}],"predecessor-version":[{"id":311,"href":"https:\/\/hagwiesenhof-pferdepension.de\/index.php?rest_route=\/wp\/v2\/pages\/14\/revisions\/311"}],"wp:featuredmedia":[{"embeddable":true,"href":"https:\/\/hagwiesenhof-pferdepension.de\/index.php?rest_route=\/wp\/v2\/media\/109"}],"wp:attachment":[{"href":"https:\/\/hagwiesenhof-pferdepension.de\/index.php?rest_route=%2Fwp%2Fv2%2Fmedia&parent=14"}],"curies":[{"name":"wp","href":"https:\/\/api.w.org\/{rel}","templated":true}]}}